{"id":14,"date":"2012-02-10T13:08:25","date_gmt":"2012-02-10T13:08:25","guid":{"rendered":"http:\/\/zalas.net\/pl\/en\/?page_id=14"},"modified":"2012-02-20T21:47:23","modified_gmt":"2012-02-20T21:47:23","slug":"contact","status":"publish","type":"page","link":"https:\/\/zalas.net\/en\/contact\/","title":{"rendered":"Contact"},"content":{"rendered":"<h2>Address<\/h2>\n<p style=\"text-align: left;\"><strong>Zalas<\/strong><br \/>\nRo\u015bliny Wodne i Ryby Akwariowe<br \/>\nul. Szucha 13<br \/>\n82-300 Elbl\u0105g<br \/>\nPoland<\/p>\n<p><strong>Phone<\/strong>+48 55 232 00 65<\/p>\n<p><!--more-->\n<\/p>\n<p style=\"text-align: right;\">[googleMap name=&#8221;Ro\u015bliny Wodne i Ryby Akwariowe&#8221; description=&#8221;ul. Szucha 13, 82-300 Elbl\u0105g&#8221; height=&#8221;300&#8243; directions_to=&#8221;false&#8221;]ul. Szucha 13, 82-300 Elbl\u0105g[\/googleMap]<\/p>\n<h2>Contact with us<\/h2>\n<p style=\"text-align: left;\"><div role=\"form\" class=\"wpcf7\" id=\"wpcf7-f17-o1\" dir=\"ltr\">\n<div class=\"screen-reader-response\" role=\"alert\" aria-live=\"polite\"><\/div>\n<form action=\"\/en\/wp-json\/wp\/v2\/pages\/14#wpcf7-f17-o1\" method=\"post\" class=\"wpcf7-form init\" novalidate=\"novalidate\">\n<div style=\"display: none;\">\n<input type=\"hidden\" name=\"_wpcf7\" value=\"17\" \/>\n<input type=\"hidden\" name=\"_wpcf7_version\" value=\"5.2\" \/>\n<input type=\"hidden\" name=\"_wpcf7_locale\" value=\"\" \/>\n<input type=\"hidden\" name=\"_wpcf7_unit_tag\" value=\"wpcf7-f17-o1\" \/>\n<input type=\"hidden\" name=\"_wpcf7_container_post\" value=\"0\" \/>\n<input type=\"hidden\" name=\"_wpcf7_posted_data_hash\" value=\"\" \/>\n<\/div>\n<p>Your name<br \/>\n    <span class=\"wpcf7-form-control-wrap your-name\"><input type=\"text\" name=\"your-name\" value=\"\" size=\"40\" class=\"wpcf7-form-control wpcf7-text wpcf7-validates-as-required\" aria-required=\"true\" aria-invalid=\"false\" \/><\/span> <\/p>\n<p>Your mail<br \/>\n    <span class=\"wpcf7-form-control-wrap your-email\"><input type=\"email\" name=\"your-email\" value=\"\" size=\"40\" class=\"wpcf7-form-control wpcf7-text wpcf7-email wpcf7-validates-as-required wpcf7-validates-as-email\" aria-required=\"true\" aria-invalid=\"false\" \/><\/span> <\/p>\n<p>Subject<br \/>\n    <span class=\"wpcf7-form-control-wrap your-subject\"><input type=\"text\" name=\"your-subject\" value=\"\" size=\"40\" class=\"wpcf7-form-control wpcf7-text\" aria-invalid=\"false\" \/><\/span> <\/p>\n<p>Your message<br \/>\n    <span class=\"wpcf7-form-control-wrap your-message\"><textarea name=\"your-message\" cols=\"40\" rows=\"10\" class=\"wpcf7-form-control wpcf7-textarea\" aria-invalid=\"false\"><\/textarea><\/span> <\/p>\n<p><input type=\"submit\" value=\"Send\" class=\"wpcf7-form-control wpcf7-submit\" \/><\/p>\n<div class=\"wpcf7-response-output\" role=\"alert\" aria-hidden=\"true\"><\/div><\/form><\/div><\/p>\n","protected":false},"excerpt":{"rendered":"<p>Address Zalas Ro\u015bliny Wodne i Ryby Akwariowe ul. Szucha 13 82-300 Elbl\u0105g Poland Phone+48 55 232 00 65<\/p>\n","protected":false},"author":4,"featured_media":0,"parent":0,"menu_order":4,"comment_status":"open","ping_status":"open","template":"","meta":[],"aioseo_notices":[],"_links":{"self":[{"href":"https:\/\/zalas.net\/en\/wp-json\/wp\/v2\/pages\/14"}],"collection":[{"href":"https:\/\/zalas.net\/en\/wp-json\/wp\/v2\/pages"}],"about":[{"href":"https:\/\/zalas.net\/en\/wp-json\/wp\/v2\/types\/page"}],"author":[{"embeddable":true,"href":"https:\/\/zalas.net\/en\/wp-json\/wp\/v2\/users\/4"}],"replies":[{"embeddable":true,"href":"https:\/\/zalas.net\/en\/wp-json\/wp\/v2\/comments?post=14"}],"version-history":[{"count":4,"href":"https:\/\/zalas.net\/en\/wp-json\/wp\/v2\/pages\/14\/revisions"}],"predecessor-version":[{"id":30,"href":"https:\/\/zalas.net\/en\/wp-json\/wp\/v2\/pages\/14\/revisions\/30"}],"wp:attachment":[{"href":"https:\/\/zalas.net\/en\/wp-json\/wp\/v2\/media?parent=14"}],"curies":[{"name":"wp","href":"https:\/\/api.w.org\/{rel}","templated":true}]}}